{"id":1445,"date":"2024-04-05T05:59:53","date_gmt":"2024-04-05T03:59:53","guid":{"rendered":"https:\/\/tiberiuz.com\/product\/collier-lunaire-etoilee\/"},"modified":"2024-09-10T06:00:18","modified_gmt":"2024-09-10T04:00:18","slug":"collier-lunaire-etoilee","status":"publish","type":"product","link":"https:\/\/tiberiuz.com\/en\/product\/collier-lunaire-etoilee\/","title":{"rendered":"Collier Lunaire Etoil\u00e9e"},"content":{"rendered":"<h3>Offrez-lui les \u00e9toiles avec notre magnifique collier pendentif \u00e9toile, accompagn\u00e9 d&rsquo;une carte de v\u0153u sp\u00e9cialement con\u00e7ue. Un cadeau \u00e9tincelant pour \u00e9clairer son chemin et lui rappeler qu&rsquo;elle est toujours entour\u00e9e d&rsquo;amour et de soutien.<\/h3>\n<h3>Faites briller ses yeux avec ce symbole d&rsquo;espoir et de magie.<\/h3>","protected":false},"excerpt":{"rendered":"<p>Offrez-lui les \u00e9toiles avec notre magnifique collier pendentif \u00e9toile, accompagn\u00e9 d&rsquo;une carte de v\u0153u sp\u00e9cialement con\u00e7ue. Un cadeau \u00e9tincelant pour \u00e9clairer son chemin et lui rappeler qu&rsquo;elle est toujours entour\u00e9e<\/p>","protected":false},"featured_media":1446,"comment_status":"open","ping_status":"closed","template":"","meta":[],"product_cat":[288],"product_tag":[],"class_list":{"0":"post-1445","1":"product","2":"type-product","3":"status-publish","4":"has-post-thumbnail","6":"product_cat-collier","8":"first","9":"instock","10":"shipping-taxable","11":"purchasable","12":"product-type-variable"},"_links":{"self":[{"href":"https:\/\/tiberiuz.com\/en\/wp-json\/wp\/v2\/product\/1445","targetHints":{"allow":["GET"]}}],"collection":[{"href":"https:\/\/tiberiuz.com\/en\/wp-json\/wp\/v2\/product"}],"about":[{"href":"https:\/\/tiberiuz.com\/en\/wp-json\/wp\/v2\/types\/product"}],"replies":[{"embeddable":true,"href":"https:\/\/tiberiuz.com\/en\/wp-json\/wp\/v2\/comments?post=1445"}],"version-history":[{"count":0,"href":"https:\/\/tiberiuz.com\/en\/wp-json\/wp\/v2\/product\/1445\/revisions"}],"wp:featuredmedia":[{"embeddable":true,"href":"https:\/\/tiberiuz.com\/en\/wp-json\/wp\/v2\/media\/1446"}],"wp:attachment":[{"href":"https:\/\/tiberiuz.com\/en\/wp-json\/wp\/v2\/media?parent=1445"}],"wp:term":[{"taxonomy":"product_cat","embeddable":true,"href":"https:\/\/tiberiuz.com\/en\/wp-json\/wp\/v2\/product_cat?post=1445"},{"taxonomy":"product_tag","embeddable":true,"href":"https:\/\/tiberiuz.com\/en\/wp-json\/wp\/v2\/product_tag?post=1445"}],"curies":[{"name":"wp","href":"https:\/\/api.w.org\/{rel}","templated":true}]}}