{"id":1509,"date":"2024-04-05T06:54:17","date_gmt":"2024-04-05T04:54:17","guid":{"rendered":"https:\/\/tiberiuz.com\/product\/collier-noeud-eternel\/"},"modified":"2024-09-10T05:50:17","modified_gmt":"2024-09-10T03:50:17","slug":"collier-noeud-eternel","status":"publish","type":"product","link":"https:\/\/tiberiuz.com\/en\/product\/collier-noeud-eternel\/","title":{"rendered":"Collier N\u0153ud \u00c9ternel"},"content":{"rendered":"<p>Le Collier Doux Lien &#8211; un hommage tendre \u00e0 la force du lien qui unit une m\u00e8re et son fils. Chaque maillon de ce collier symbolise les moments partag\u00e9s, les souvenirs ch\u00e9ris et l&rsquo;amour inconditionnel qui nous lie. Offrez \u00e0 votre maman ce pr\u00e9cieux bijou, un rappel constant de l&rsquo;affection profonde et du lien ind\u00e9fectible qui nous unit. Un geste d&rsquo;amour qui r\u00e9chauffera son c\u0153ur \u00e0 chaque fois qu&rsquo;elle le portera.<\/p>","protected":false},"excerpt":{"rendered":"<p>Le Collier Doux Lien &#8211; un hommage tendre \u00e0 la force du lien qui unit une m\u00e8re et son fils. Chaque maillon de ce collier symbolise les moments partag\u00e9s, les<\/p>","protected":false},"featured_media":1510,"comment_status":"open","ping_status":"closed","template":"","meta":[],"product_cat":[288],"product_tag":[],"class_list":{"0":"post-1509","1":"product","2":"type-product","3":"status-publish","4":"has-post-thumbnail","6":"product_cat-collier","8":"first","9":"instock","10":"sale","11":"shipping-taxable","12":"purchasable","13":"product-type-variable"},"_links":{"self":[{"href":"https:\/\/tiberiuz.com\/en\/wp-json\/wp\/v2\/product\/1509","targetHints":{"allow":["GET"]}}],"collection":[{"href":"https:\/\/tiberiuz.com\/en\/wp-json\/wp\/v2\/product"}],"about":[{"href":"https:\/\/tiberiuz.com\/en\/wp-json\/wp\/v2\/types\/product"}],"replies":[{"embeddable":true,"href":"https:\/\/tiberiuz.com\/en\/wp-json\/wp\/v2\/comments?post=1509"}],"version-history":[{"count":0,"href":"https:\/\/tiberiuz.com\/en\/wp-json\/wp\/v2\/product\/1509\/revisions"}],"wp:featuredmedia":[{"embeddable":true,"href":"https:\/\/tiberiuz.com\/en\/wp-json\/wp\/v2\/media\/1510"}],"wp:attachment":[{"href":"https:\/\/tiberiuz.com\/en\/wp-json\/wp\/v2\/media?parent=1509"}],"wp:term":[{"taxonomy":"product_cat","embeddable":true,"href":"https:\/\/tiberiuz.com\/en\/wp-json\/wp\/v2\/product_cat?post=1509"},{"taxonomy":"product_tag","embeddable":true,"href":"https:\/\/tiberiuz.com\/en\/wp-json\/wp\/v2\/product_tag?post=1509"}],"curies":[{"name":"wp","href":"https:\/\/api.w.org\/{rel}","templated":true}]}}