{"id":1542,"date":"2024-04-05T07:08:33","date_gmt":"2024-04-05T05:08:33","guid":{"rendered":"https:\/\/tiberiuz.com\/product\/collier-noeud-filial\/"},"modified":"2024-09-10T05:50:17","modified_gmt":"2024-09-10T03:50:17","slug":"collier-noeud-filial","status":"publish","type":"product","link":"https:\/\/tiberiuz.com\/en\/product\/collier-noeud-filial\/","title":{"rendered":"Collier N\u0153ud Filial"},"content":{"rendered":"<p>Le collier &lsquo;N\u0153ud Filial&rsquo; est bien plus qu&rsquo;un simple bijou; c&rsquo;est une d\u00e9claration d&rsquo;amour et de lien familial. Con\u00e7u avec d\u00e9licatesse et attention, ce collier incarne la beaut\u00e9 de la relation entre une m\u00e8re et sa fille. Chaque d\u00e9tail est pens\u00e9 pour symboliser la connexion profonde et l&rsquo;affection partag\u00e9e. Offrez lui ce bijou \u00e9tincelant pour lui rappeler \u00e0 quel point elle est pr\u00e9cieuse \u00e0 vos yeux. Un cadeau qui sera ch\u00e9ri pour les ann\u00e9es \u00e0 venir.<\/p>","protected":false},"excerpt":{"rendered":"<p>Le collier &lsquo;N\u0153ud Filial&rsquo; est bien plus qu&rsquo;un simple bijou; c&rsquo;est une d\u00e9claration d&rsquo;amour et de lien familial. Con\u00e7u avec d\u00e9licatesse et attention, ce collier incarne la beaut\u00e9 de la<\/p>","protected":false},"featured_media":1543,"comment_status":"open","ping_status":"closed","template":"","meta":[],"product_cat":[288],"product_tag":[],"class_list":{"0":"post-1542","1":"product","2":"type-product","3":"status-publish","4":"has-post-thumbnail","6":"product_cat-collier","8":"first","9":"instock","10":"sale","11":"shipping-taxable","12":"purchasable","13":"product-type-variable"},"_links":{"self":[{"href":"https:\/\/tiberiuz.com\/en\/wp-json\/wp\/v2\/product\/1542","targetHints":{"allow":["GET"]}}],"collection":[{"href":"https:\/\/tiberiuz.com\/en\/wp-json\/wp\/v2\/product"}],"about":[{"href":"https:\/\/tiberiuz.com\/en\/wp-json\/wp\/v2\/types\/product"}],"replies":[{"embeddable":true,"href":"https:\/\/tiberiuz.com\/en\/wp-json\/wp\/v2\/comments?post=1542"}],"version-history":[{"count":0,"href":"https:\/\/tiberiuz.com\/en\/wp-json\/wp\/v2\/product\/1542\/revisions"}],"wp:featuredmedia":[{"embeddable":true,"href":"https:\/\/tiberiuz.com\/en\/wp-json\/wp\/v2\/media\/1543"}],"wp:attachment":[{"href":"https:\/\/tiberiuz.com\/en\/wp-json\/wp\/v2\/media?parent=1542"}],"wp:term":[{"taxonomy":"product_cat","embeddable":true,"href":"https:\/\/tiberiuz.com\/en\/wp-json\/wp\/v2\/product_cat?post=1542"},{"taxonomy":"product_tag","embeddable":true,"href":"https:\/\/tiberiuz.com\/en\/wp-json\/wp\/v2\/product_tag?post=1542"}],"curies":[{"name":"wp","href":"https:\/\/api.w.org\/{rel}","templated":true}]}}